{"id":893,"date":"2025-11-24T05:10:17","date_gmt":"2025-11-24T05:10:17","guid":{"rendered":"https:\/\/rehmedis.com.pl\/?page_id=893"},"modified":"2026-02-13T10:04:35","modified_gmt":"2026-02-13T10:04:35","slug":"szkolenia-dla-lekarzy","status":"publish","type":"page","link":"https:\/\/rehmedis.com.pl\/index.php\/szkolenia-dla-lekarzy\/","title":{"rendered":"Szkolenia dla lekarzy"},"content":{"rendered":"\t\t<div data-elementor-type=\"wp-page\" data-elementor-id=\"893\" class=\"elementor elementor-893\" data-elementor-post-type=\"page\">\n\t\t\t\t<div class=\"elementor-element elementor-element-2c9c343 e-con-full e-flex e-con e-parent\" data-id=\"2c9c343\" data-element_type=\"container\" data-settings=\"{&quot;background_background&quot;:&quot;classic&quot;}\">\n\t\t\t\t<\/div>\n\t\t<div class=\"elementor-element elementor-element-632a39b e-flex e-con-boxed e-con e-parent\" data-id=\"632a39b\" data-element_type=\"container\">\n\t\t\t\t\t<div class=\"e-con-inner\">\n\t\t<div class=\"elementor-element elementor-element-4da60ff e-con-full e-flex e-con e-child\" data-id=\"4da60ff\" data-element_type=\"container\">\n\t\t\t\t<div class=\"elementor-element elementor-element-3cd1205 elementor-widget elementor-widget-spacer\" data-id=\"3cd1205\" data-element_type=\"widget\" data-widget_type=\"spacer.default\">\n\t\t\t\t<div class=\"elementor-widget-container\">\n\t\t\t\t\t\t\t<div class=\"elementor-spacer\">\n\t\t\t<div class=\"elementor-spacer-inner\"><\/div>\n\t\t<\/div>\n\t\t\t\t\t\t<\/div>\n\t\t\t\t<\/div>\n\t\t\t\t<div class=\"elementor-element elementor-element-50ffe58 elementor-widget elementor-widget-heading\" data-id=\"50ffe58\" data-element_type=\"widget\" data-widget_type=\"heading.default\">\n\t\t\t\t<div class=\"elementor-widget-container\">\n\t\t\t\t\t<h5 class=\"elementor-heading-title elementor-size-default\"> Szkolenie dedykowane dla lekarzy<\/h5>\t\t\t\t<\/div>\n\t\t\t\t<\/div>\n\t\t\t\t<div class=\"elementor-element elementor-element-9e9b3a5 elementor-widget elementor-widget-spacer\" data-id=\"9e9b3a5\" data-element_type=\"widget\" data-widget_type=\"spacer.default\">\n\t\t\t\t<div class=\"elementor-widget-container\">\n\t\t\t\t\t\t\t<div class=\"elementor-spacer\">\n\t\t\t<div class=\"elementor-spacer-inner\"><\/div>\n\t\t<\/div>\n\t\t\t\t\t\t<\/div>\n\t\t\t\t<\/div>\n\t\t\t\t<div class=\"elementor-element elementor-element-dc53a95 elementor-widget elementor-widget-heading\" data-id=\"dc53a95\" data-element_type=\"widget\" data-widget_type=\"heading.default\">\n\t\t\t\t<div class=\"elementor-widget-container\">\n\t\t\t\t\t<h3 class=\"elementor-heading-title elementor-size-default\">Podstawy diagnostyki w fizjoterapii - szkolenie dla lekarzy rodzinnych<\/h3>\t\t\t\t<\/div>\n\t\t\t\t<\/div>\n\t\t\t\t<div class=\"elementor-element elementor-element-aa12e1a elementor-widget elementor-widget-spacer\" data-id=\"aa12e1a\" data-element_type=\"widget\" data-widget_type=\"spacer.default\">\n\t\t\t\t<div class=\"elementor-widget-container\">\n\t\t\t\t\t\t\t<div class=\"elementor-spacer\">\n\t\t\t<div class=\"elementor-spacer-inner\"><\/div>\n\t\t<\/div>\n\t\t\t\t\t\t<\/div>\n\t\t\t\t<\/div>\n\t\t\t\t<div class=\"elementor-element elementor-element-95b9b59 elementor-headline--style-highlight elementor-widget elementor-widget-animated-headline\" data-id=\"95b9b59\" data-element_type=\"widget\" data-settings=\"{&quot;marker&quot;:&quot;double&quot;,&quot;highlighted_text&quot;:&quot;28.03.2026&quot;,&quot;headline_style&quot;:&quot;highlight&quot;,&quot;loop&quot;:&quot;yes&quot;,&quot;highlight_animation_duration&quot;:1200,&quot;highlight_iteration_delay&quot;:8000}\" data-widget_type=\"animated-headline.default\">\n\t\t\t\t<div class=\"elementor-widget-container\">\n\t\t\t\t\t\t\t<h4 class=\"elementor-headline\">\r\n\t\t\t\t\t<span class=\"elementor-headline-plain-text elementor-headline-text-wrapper\">Najbli\u017csze szkolenie ju\u017c <\/span>\r\n\t\t\t\t<span class=\"elementor-headline-dynamic-wrapper elementor-headline-text-wrapper\">\r\n\t\t\t\t\t<span class=\"elementor-headline-dynamic-text elementor-headline-text-active\">28.03.2026<\/span>\r\n\t\t\t\t<\/span>\r\n\t\t\t\t\t<span class=\"elementor-headline-plain-text elementor-headline-text-wrapper\">zapisz si\u0119 ju\u017c dzi\u015b<\/span>\r\n\t\t\t\t\t<\/h4>\r\n\t\t\t\t\t\t<\/div>\n\t\t\t\t<\/div>\n\t\t\t\t<div class=\"elementor-element elementor-element-bfa5e5a elementor-countdown--label-block elementor-widget elementor-widget-countdown\" data-id=\"bfa5e5a\" data-element_type=\"widget\" data-widget_type=\"countdown.default\">\n\t\t\t\t<div class=\"elementor-widget-container\">\n\t\t\t\t\t\t\t<div data-expire-actions=\"[{&quot;type&quot;:&quot;message&quot;}]\" class=\"elementor-countdown-wrapper\" data-date=\"1774656060\">\r\n\t\t\t<div class=\"elementor-countdown-item\"><span class=\"elementor-countdown-digits elementor-countdown-days\"><\/span> <span class=\"elementor-countdown-label\">Days<\/span><\/div><div class=\"elementor-countdown-item\"><span class=\"elementor-countdown-digits elementor-countdown-hours\"><\/span> <span class=\"elementor-countdown-label\">Hours<\/span><\/div><div class=\"elementor-countdown-item\"><span class=\"elementor-countdown-digits elementor-countdown-minutes\"><\/span> <span class=\"elementor-countdown-label\">Minutes<\/span><\/div><div class=\"elementor-countdown-item\"><span class=\"elementor-countdown-digits elementor-countdown-seconds\"><\/span> <span class=\"elementor-countdown-label\">Seconds<\/span><\/div>\t\t<\/div>\r\n\t\t\t\t\t\t<div class=\"elementor-countdown-expire--message\">\r\n\t\t\t\t\tWydarzenie ju\u017c si\u0119 odby\u0142o\t\t\t\t<\/div>\r\n\t\t\t\t\t\t\t\t<\/div>\n\t\t\t\t<\/div>\n\t\t\t\t<div class=\"elementor-element elementor-element-290446a elementor-widget elementor-widget-text-editor\" data-id=\"290446a\" data-element_type=\"widget\" data-widget_type=\"text-editor.default\">\n\t\t\t\t<div class=\"elementor-widget-container\">\n\t\t\t\t\t\t\t\t\t<p>Liczba miejsc ograniczona<\/p>\t\t\t\t\t\t\t\t<\/div>\n\t\t\t\t<\/div>\n\t\t\t\t<div class=\"elementor-element elementor-element-528f29c elementor-widget elementor-widget-spacer\" data-id=\"528f29c\" data-element_type=\"widget\" data-widget_type=\"spacer.default\">\n\t\t\t\t<div class=\"elementor-widget-container\">\n\t\t\t\t\t\t\t<div class=\"elementor-spacer\">\n\t\t\t<div class=\"elementor-spacer-inner\"><\/div>\n\t\t<\/div>\n\t\t\t\t\t\t<\/div>\n\t\t\t\t<\/div>\n\t\t\t\t<div class=\"elementor-element elementor-element-a774cac elementor-widget elementor-widget-text-editor\" data-id=\"a774cac\" data-element_type=\"widget\" data-widget_type=\"text-editor.default\">\n\t\t\t\t<div class=\"elementor-widget-container\">\n\t\t\t\t\t\t\t\t\t<p>Szkolenie ma na celu poszerzenie umiej\u0119tno\u015bci diagnostycznych o te, kt\u00f3re wyst\u0119puj\u0105 w fizjoterapii.<\/p><p>Zawiera elementy terapii manualnej i analizy ruchu.<\/p><p>Pomaga w ocenie post\u0119pu i trafno\u015bci fizjoterapii.<\/p><p>Program obejmuje cz\u0119\u015b\u0107 wyk\u0142adow\u0105 i praktyczn\u0105 dzi\u0119ki czemu umiej\u0119tno\u015bci b\u0119d\u0105 mog\u0142y by\u0107 wykorzystane przez Ciebie od razu w pracy.<\/p><p>Uczestnicy pracuj\u0105 na sobie nawzajem wspieraj\u0105c si\u0119 atlasami anatomii i do\u015bwiadczeniem prowadz\u0105cego.<\/p><p><strong>ZAJ\u0118CIA NIE KO\u0143CZ\u0104 SI\u0118 EGZAMINEM.<\/strong> Ka\u017cdy otrzyma dyplom potwierdzaj\u0105cy uczestnictwo w szkoleniu.<\/p>\t\t\t\t\t\t\t\t<\/div>\n\t\t\t\t<\/div>\n\t\t\t\t<div class=\"elementor-element elementor-element-82a89ce elementor-widget elementor-widget-spacer\" data-id=\"82a89ce\" data-element_type=\"widget\" data-widget_type=\"spacer.default\">\n\t\t\t\t<div class=\"elementor-widget-container\">\n\t\t\t\t\t\t\t<div class=\"elementor-spacer\">\n\t\t\t<div class=\"elementor-spacer-inner\"><\/div>\n\t\t<\/div>\n\t\t\t\t\t\t<\/div>\n\t\t\t\t<\/div>\n\t\t\t\t<div class=\"elementor-element elementor-element-63e8262 elementor-widget elementor-widget-heading\" data-id=\"63e8262\" data-element_type=\"widget\" data-widget_type=\"heading.default\">\n\t\t\t\t<div class=\"elementor-widget-container\">\n\t\t\t\t\t<h5 class=\"elementor-heading-title elementor-size-default\">Dowiesz si\u0119:<\/h5>\t\t\t\t<\/div>\n\t\t\t\t<\/div>\n\t\t\t\t<div class=\"elementor-element elementor-element-48754e6 elementor-widget elementor-widget-text-editor\" data-id=\"48754e6\" data-element_type=\"widget\" data-widget_type=\"text-editor.default\">\n\t\t\t\t<div class=\"elementor-widget-container\">\n\t\t\t\t\t\t\t\t\t<ul><li>kiedy kierowa\u0107 pacjenta na fizjoterapi\u0119 a kiedy NIE<\/li><li>kiedy Tw\u00f3j pacjent potrzebuje \u0107wicze\u0144 a kiedy fizykoterapii<\/li><li>co powinno zwr\u00f3ci\u0107 Twoj\u0105 uwag\u0119 w \u0107wiczeniach i ruchu pacjenta<\/li><\/ul>\t\t\t\t\t\t\t\t<\/div>\n\t\t\t\t<\/div>\n\t\t\t\t<div class=\"elementor-element elementor-element-a888d31 elementor-widget elementor-widget-spacer\" data-id=\"a888d31\" data-element_type=\"widget\" data-widget_type=\"spacer.default\">\n\t\t\t\t<div class=\"elementor-widget-container\">\n\t\t\t\t\t\t\t<div class=\"elementor-spacer\">\n\t\t\t<div class=\"elementor-spacer-inner\"><\/div>\n\t\t<\/div>\n\t\t\t\t\t\t<\/div>\n\t\t\t\t<\/div>\n\t\t\t\t<div class=\"elementor-element elementor-element-243c73e elementor-widget elementor-widget-heading\" data-id=\"243c73e\" data-element_type=\"widget\" data-widget_type=\"heading.default\">\n\t\t\t\t<div class=\"elementor-widget-container\">\n\t\t\t\t\t<h5 class=\"elementor-heading-title elementor-size-default\">Zdob\u0119dziesz umiej\u0119tno\u015b\u0107:<\/h5>\t\t\t\t<\/div>\n\t\t\t\t<\/div>\n\t\t\t\t<div class=\"elementor-element elementor-element-5a43eec elementor-widget elementor-widget-text-editor\" data-id=\"5a43eec\" data-element_type=\"widget\" data-widget_type=\"text-editor.default\">\n\t\t\t\t<div class=\"elementor-widget-container\">\n\t\t\t\t\t\t\t\t\t<ul><li>diagnozowania b\u00f3l\u00f3w pochodzenia mi\u0119\u015bniowego, nerwowego, stawowego<\/li><li>oceny poruszania si\u0119 pacjenta podczas jego codziennej aktywno\u015bci i w niekt\u00f3rych \u0107wiczeniach<\/li><\/ul>\t\t\t\t\t\t\t\t<\/div>\n\t\t\t\t<\/div>\n\t\t\t\t<div class=\"elementor-element elementor-element-9113cd1 elementor-widget elementor-widget-spacer\" data-id=\"9113cd1\" data-element_type=\"widget\" data-widget_type=\"spacer.default\">\n\t\t\t\t<div class=\"elementor-widget-container\">\n\t\t\t\t\t\t\t<div class=\"elementor-spacer\">\n\t\t\t<div class=\"elementor-spacer-inner\"><\/div>\n\t\t<\/div>\n\t\t\t\t\t\t<\/div>\n\t\t\t\t<\/div>\n\t\t\t\t<div class=\"elementor-element elementor-element-c0cb401 elementor-widget elementor-widget-heading\" data-id=\"c0cb401\" data-element_type=\"widget\" data-widget_type=\"heading.default\">\n\t\t\t\t<div class=\"elementor-widget-container\">\n\t\t\t\t\t<h5 class=\"elementor-heading-title elementor-size-default\">UWAGA:<\/h5>\t\t\t\t<\/div>\n\t\t\t\t<\/div>\n\t\t\t\t<div class=\"elementor-element elementor-element-a50cb93 elementor-widget elementor-widget-text-editor\" data-id=\"a50cb93\" data-element_type=\"widget\" data-widget_type=\"text-editor.default\">\n\t\t\t\t<div class=\"elementor-widget-container\">\n\t\t\t\t\t\t\t\t\t<ul><li>Szkolenie jest dedykowane dla lekarzy i wymagane jest wcze\u015bniejsze mailowe potwierdzenie statusu zawodowego.<\/li><li>SZKOLENIE NIE OBEJMUJE ZAGADNIE\u0143 FIZYKOTERAPII (elektrolecznictwa, laseroterapii i innych zabieg\u00f3w uzupe\u0142niaj\u0105cych proces fizjoterapii !!! )<\/li><\/ul>\t\t\t\t\t\t\t\t<\/div>\n\t\t\t\t<\/div>\n\t\t\t\t<div class=\"elementor-element elementor-element-3bbfbca elementor-widget elementor-widget-spacer\" data-id=\"3bbfbca\" data-element_type=\"widget\" data-widget_type=\"spacer.default\">\n\t\t\t\t<div class=\"elementor-widget-container\">\n\t\t\t\t\t\t\t<div class=\"elementor-spacer\">\n\t\t\t<div class=\"elementor-spacer-inner\"><\/div>\n\t\t<\/div>\n\t\t\t\t\t\t<\/div>\n\t\t\t\t<\/div>\n\t\t\t\t<div class=\"elementor-element elementor-element-250f361 elementor-widget elementor-widget-heading\" data-id=\"250f361\" data-element_type=\"widget\" data-widget_type=\"heading.default\">\n\t\t\t\t<div class=\"elementor-widget-container\">\n\t\t\t\t\t<h5 class=\"elementor-heading-title elementor-size-default\">Koszt szkolenia: 750 z\u0142<\/h5>\t\t\t\t<\/div>\n\t\t\t\t<\/div>\n\t\t\t\t<div class=\"elementor-element elementor-element-d095871 elementor-widget elementor-widget-heading\" data-id=\"d095871\" data-element_type=\"widget\" data-widget_type=\"heading.default\">\n\t\t\t\t<div class=\"elementor-widget-container\">\n\t\t\t\t\t<h5 class=\"elementor-heading-title elementor-size-default\">Czas trwania oko\u0142o 8 godzin w tym przerwa<\/h5>\t\t\t\t<\/div>\n\t\t\t\t<\/div>\n\t\t\t\t<div class=\"elementor-element elementor-element-51f2ea0 elementor-widget elementor-widget-text-editor\" data-id=\"51f2ea0\" data-element_type=\"widget\" data-widget_type=\"text-editor.default\">\n\t\t\t\t<div class=\"elementor-widget-container\">\n\t\t\t\t\t\t\t\t\t<p><b>Grupa\u00a0<\/b>10 os\u00f3b<\/p><p><b>Miejsce\u00a0<\/b>\u201eRehMediS Pawe\u0142 Bednarski\u201d 80-034 Gda\u0144sk ul. Wawelska 10a\/1<\/p><p><b>W sprawie termin\u00f3w i miejsc prosimy o kontakt:<\/b><\/p><p class=\"gwpfea72362_gmail-Standard\"><a href=\"mailto:rehmedis.gda@gmail.com\">rehmedis.gda@gmail.com<\/a><\/p><p>tel.: 500-897-485, 517-619-904<\/p>\t\t\t\t\t\t\t\t<\/div>\n\t\t\t\t<\/div>\n\t\t\t\t<div class=\"elementor-element elementor-element-45273b2 elementor-widget elementor-widget-spacer\" data-id=\"45273b2\" data-element_type=\"widget\" data-widget_type=\"spacer.default\">\n\t\t\t\t<div class=\"elementor-widget-container\">\n\t\t\t\t\t\t\t<div class=\"elementor-spacer\">\n\t\t\t<div class=\"elementor-spacer-inner\"><\/div>\n\t\t<\/div>\n\t\t\t\t\t\t<\/div>\n\t\t\t\t<\/div>\n\t\t\t\t<\/div>\n\t\t<div class=\"elementor-element elementor-element-5ac9b4c e-con-full e-flex e-con e-child\" data-id=\"5ac9b4c\" data-element_type=\"container\">\n\t\t\t\t<\/div>\n\t\t\t\t\t<\/div>\n\t\t\t\t<\/div>\n\t\t\t\t<\/div>\n\t\t","protected":false},"excerpt":{"rendered":"<p>Szkolenie dedykowane dla lekarzy Podstawy diagnostyki w fizjoterapii &#8211; szkolenie dla lekarzy rodzinnych Najbli\u017csze szkolenie ju\u017c 28.03.2026 zapisz si\u0119 ju\u017c dzi\u015b Days Hours Minutes Seconds Wydarzenie ju\u017c si\u0119 odby\u0142o Liczba miejsc ograniczona Szkolenie ma na celu poszerzenie umiej\u0119tno\u015bci diagnostycznych o te, kt\u00f3re wyst\u0119puj\u0105 w fizjoterapii. Zawiera elementy terapii manualnej i analizy ruchu. Pomaga w ocenie [&hellip;]<\/p>\n","protected":false},"author":1,"featured_media":0,"parent":0,"menu_order":0,"comment_status":"closed","ping_status":"closed","template":"elementor_header_footer","meta":{"footnotes":""},"class_list":["post-893","page","type-page","status-publish","hentry"],"_links":{"self":[{"href":"https:\/\/rehmedis.com.pl\/index.php\/wp-json\/wp\/v2\/pages\/893","targetHints":{"allow":["GET"]}}],"collection":[{"href":"https:\/\/rehmedis.com.pl\/index.php\/wp-json\/wp\/v2\/pages"}],"about":[{"href":"https:\/\/rehmedis.com.pl\/index.php\/wp-json\/wp\/v2\/types\/page"}],"author":[{"embeddable":true,"href":"https:\/\/rehmedis.com.pl\/index.php\/wp-json\/wp\/v2\/users\/1"}],"replies":[{"embeddable":true,"href":"https:\/\/rehmedis.com.pl\/index.php\/wp-json\/wp\/v2\/comments?post=893"}],"version-history":[{"count":86,"href":"https:\/\/rehmedis.com.pl\/index.php\/wp-json\/wp\/v2\/pages\/893\/revisions"}],"predecessor-version":[{"id":1124,"href":"https:\/\/rehmedis.com.pl\/index.php\/wp-json\/wp\/v2\/pages\/893\/revisions\/1124"}],"wp:attachment":[{"href":"https:\/\/rehmedis.com.pl\/index.php\/wp-json\/wp\/v2\/media?parent=893"}],"curies":[{"name":"wp","href":"https:\/\/api.w.org\/{rel}","templated":true}]}}