{"id":973,"date":"2025-12-09T20:01:00","date_gmt":"2025-12-09T20:01:00","guid":{"rendered":"https:\/\/rehmedis.com.pl\/?page_id=973"},"modified":"2025-12-09T20:20:14","modified_gmt":"2025-12-09T20:20:14","slug":"trening-domowy","status":"publish","type":"page","link":"https:\/\/rehmedis.com.pl\/index.php\/trening-domowy\/","title":{"rendered":"Trening domowy"},"content":{"rendered":"\t\t<div data-elementor-type=\"wp-page\" data-elementor-id=\"973\" class=\"elementor elementor-973\" data-elementor-post-type=\"page\">\n\t\t\t\t<div class=\"elementor-element elementor-element-fdaaade e-con-full e-flex e-con e-parent\" data-id=\"fdaaade\" data-element_type=\"container\" data-settings=\"{&quot;background_background&quot;:&quot;classic&quot;}\">\n\t\t\t\t<\/div>\n\t\t<div class=\"elementor-element elementor-element-ed303c4 e-flex e-con-boxed e-con e-parent\" data-id=\"ed303c4\" data-element_type=\"container\">\n\t\t\t\t\t<div class=\"e-con-inner\">\n\t\t<div class=\"elementor-element elementor-element-028af64 e-con-full e-flex e-con e-child\" data-id=\"028af64\" data-element_type=\"container\">\n\t\t\t\t<div class=\"elementor-element elementor-element-67baad1 elementor-widget elementor-widget-spacer\" data-id=\"67baad1\" data-element_type=\"widget\" data-widget_type=\"spacer.default\">\n\t\t\t\t<div class=\"elementor-widget-container\">\n\t\t\t\t\t\t\t<div class=\"elementor-spacer\">\n\t\t\t<div class=\"elementor-spacer-inner\"><\/div>\n\t\t<\/div>\n\t\t\t\t\t\t<\/div>\n\t\t\t\t<\/div>\n\t\t\t\t<div class=\"elementor-element elementor-element-26fb088 elementor-widget elementor-widget-heading\" data-id=\"26fb088\" data-element_type=\"widget\" data-widget_type=\"heading.default\">\n\t\t\t\t<div class=\"elementor-widget-container\">\n\t\t\t\t\t<h5 class=\"elementor-heading-title elementor-size-default\">Sprawd\u017a ze specjalist\u0105<\/h5>\t\t\t\t<\/div>\n\t\t\t\t<\/div>\n\t\t\t\t<div class=\"elementor-element elementor-element-43ff5a0 elementor-widget elementor-widget-spacer\" data-id=\"43ff5a0\" data-element_type=\"widget\" data-widget_type=\"spacer.default\">\n\t\t\t\t<div class=\"elementor-widget-container\">\n\t\t\t\t\t\t\t<div class=\"elementor-spacer\">\n\t\t\t<div class=\"elementor-spacer-inner\"><\/div>\n\t\t<\/div>\n\t\t\t\t\t\t<\/div>\n\t\t\t\t<\/div>\n\t\t\t\t<div class=\"elementor-element elementor-element-fffc313 elementor-widget elementor-widget-heading\" data-id=\"fffc313\" data-element_type=\"widget\" data-widget_type=\"heading.default\">\n\t\t\t\t<div class=\"elementor-widget-container\">\n\t\t\t\t\t<h3 class=\"elementor-heading-title elementor-size-default\">Tw\u00f3j trening w domu \u2013 mo\u017cliwo\u015b\u0107 online<\/h3>\t\t\t\t<\/div>\n\t\t\t\t<\/div>\n\t\t\t\t<div class=\"elementor-element elementor-element-fa1b3e8 elementor-widget elementor-widget-spacer\" data-id=\"fa1b3e8\" data-element_type=\"widget\" data-widget_type=\"spacer.default\">\n\t\t\t\t<div class=\"elementor-widget-container\">\n\t\t\t\t\t\t\t<div class=\"elementor-spacer\">\n\t\t\t<div class=\"elementor-spacer-inner\"><\/div>\n\t\t<\/div>\n\t\t\t\t\t\t<\/div>\n\t\t\t\t<\/div>\n\t\t\t\t<div class=\"elementor-element elementor-element-9cda2d3 elementor-widget elementor-widget-text-editor\" data-id=\"9cda2d3\" data-element_type=\"widget\" data-widget_type=\"text-editor.default\">\n\t\t\t\t<div class=\"elementor-widget-container\">\n\t\t\t\t\t\t\t\t\t<p>Tw\u00f3j trening w domu to zaj\u0119cia\/konsultacje, na kt\u00f3rych nauczymy Ci\u0119 \u0107wicze\u0144 i rozci\u0105gania do samodzielnej pracy w domu. \u0106wiczenia dostosujemy do Twoich umiej\u0119tno\u015bci i potrzeb. Poka\u017cemy jak dba\u0107 o kr\u0119gos\u0142up, biodra i kolana w warunkach domowych.\u00a0<\/p>\t\t\t\t\t\t\t\t<\/div>\n\t\t\t\t<\/div>\n\t\t\t\t<div class=\"elementor-element elementor-element-16b5f0e elementor-widget elementor-widget-spacer\" data-id=\"16b5f0e\" data-element_type=\"widget\" data-widget_type=\"spacer.default\">\n\t\t\t\t<div class=\"elementor-widget-container\">\n\t\t\t\t\t\t\t<div class=\"elementor-spacer\">\n\t\t\t<div class=\"elementor-spacer-inner\"><\/div>\n\t\t<\/div>\n\t\t\t\t\t\t<\/div>\n\t\t\t\t<\/div>\n\t\t\t\t<div class=\"elementor-element elementor-element-c59a2e9 elementor-widget elementor-widget-heading\" data-id=\"c59a2e9\" data-element_type=\"widget\" data-widget_type=\"heading.default\">\n\t\t\t\t<div class=\"elementor-widget-container\">\n\t\t\t\t\t<h5 class=\"elementor-heading-title elementor-size-default\">Mo\u017cesz r\u00f3wnie\u017c skonsultowa\u0107 z nami te \u0107wiczenia, kt\u00f3re ju\u017c znasz i wykonujesz.<\/h5>\t\t\t\t<\/div>\n\t\t\t\t<\/div>\n\t\t\t\t<div class=\"elementor-element elementor-element-d2f5e20 elementor-widget elementor-widget-text-editor\" data-id=\"d2f5e20\" data-element_type=\"widget\" data-widget_type=\"text-editor.default\">\n\t\t\t\t<div class=\"elementor-widget-container\">\n\t\t\t\t\t\t\t\t\t<p>Poprawimy Twoje b\u0142\u0119dy a mo\u017ce przygotujemy nowy zestaw \u0107wicze\u0144.<\/p>\t\t\t\t\t\t\t\t<\/div>\n\t\t\t\t<\/div>\n\t\t\t\t<div class=\"elementor-element elementor-element-8a7b5f3 elementor-widget elementor-widget-spacer\" data-id=\"8a7b5f3\" data-element_type=\"widget\" data-widget_type=\"spacer.default\">\n\t\t\t\t<div class=\"elementor-widget-container\">\n\t\t\t\t\t\t\t<div class=\"elementor-spacer\">\n\t\t\t<div class=\"elementor-spacer-inner\"><\/div>\n\t\t<\/div>\n\t\t\t\t\t\t<\/div>\n\t\t\t\t<\/div>\n\t\t\t\t<div class=\"elementor-element elementor-element-73e4205 elementor-widget elementor-widget-heading\" data-id=\"73e4205\" data-element_type=\"widget\" data-widget_type=\"heading.default\">\n\t\t\t\t<div class=\"elementor-widget-container\">\n\t\t\t\t\t<h5 class=\"elementor-heading-title elementor-size-default\">Nasza wiedza pozwoli Ci \u0107wiczy\u0107 bez obaw, \u017ce mo\u017cesz sobie czym\u015b zaszkodzi\u0107.\u00a0<\/h5>\t\t\t\t<\/div>\n\t\t\t\t<\/div>\n\t\t\t\t<div class=\"elementor-element elementor-element-627d018 elementor-widget elementor-widget-spacer\" data-id=\"627d018\" data-element_type=\"widget\" data-widget_type=\"spacer.default\">\n\t\t\t\t<div class=\"elementor-widget-container\">\n\t\t\t\t\t\t\t<div class=\"elementor-spacer\">\n\t\t\t<div class=\"elementor-spacer-inner\"><\/div>\n\t\t<\/div>\n\t\t\t\t\t\t<\/div>\n\t\t\t\t<\/div>\n\t\t\t\t<div class=\"elementor-element elementor-element-2bb575a elementor-widget elementor-widget-heading\" data-id=\"2bb575a\" data-element_type=\"widget\" data-widget_type=\"heading.default\">\n\t\t\t\t<div class=\"elementor-widget-container\">\n\t\t\t\t\t<h5 class=\"elementor-heading-title elementor-size-default\">Nie rezygnuj z \u0107wicze\u0144, skontaktuj si\u0119 z nami, wspieramy Twoje ch\u0119ci.<\/h5>\t\t\t\t<\/div>\n\t\t\t\t<\/div>\n\t\t\t\t<div class=\"elementor-element elementor-element-747780b elementor-widget elementor-widget-spacer\" data-id=\"747780b\" data-element_type=\"widget\" data-widget_type=\"spacer.default\">\n\t\t\t\t<div class=\"elementor-widget-container\">\n\t\t\t\t\t\t\t<div class=\"elementor-spacer\">\n\t\t\t<div class=\"elementor-spacer-inner\"><\/div>\n\t\t<\/div>\n\t\t\t\t\t\t<\/div>\n\t\t\t\t<\/div>\n\t\t\t\t<div class=\"elementor-element elementor-element-70f8cd2 elementor-widget elementor-widget-text-editor\" data-id=\"70f8cd2\" data-element_type=\"widget\" data-widget_type=\"text-editor.default\">\n\t\t\t\t<div class=\"elementor-widget-container\">\n\t\t\t\t\t\t\t\t\t<p>Konsultanci \u201eRehMediS Pawe\u0142 Bednarski\u201d to do\u015bwiadczony zesp\u00f3\u0142.<br \/>Razem zawalczymy o Twoje Zdrowie.<\/p>\t\t\t\t\t\t\t\t<\/div>\n\t\t\t\t<\/div>\n\t\t\t\t<div class=\"elementor-element elementor-element-0d408e3 elementor-widget elementor-widget-spacer\" data-id=\"0d408e3\" data-element_type=\"widget\" data-widget_type=\"spacer.default\">\n\t\t\t\t<div class=\"elementor-widget-container\">\n\t\t\t\t\t\t\t<div class=\"elementor-spacer\">\n\t\t\t<div class=\"elementor-spacer-inner\"><\/div>\n\t\t<\/div>\n\t\t\t\t\t\t<\/div>\n\t\t\t\t<\/div>\n\t\t\t\t<div class=\"elementor-element elementor-element-72cfa46 elementor-widget elementor-widget-heading\" data-id=\"72cfa46\" data-element_type=\"widget\" data-widget_type=\"heading.default\">\n\t\t\t\t<div class=\"elementor-widget-container\">\n\t\t\t\t\t<h4 class=\"elementor-heading-title elementor-size-default\">Jeste\u015bmy do dyspozycji stacjonarnie u nas w gabinecie<br \/> jak r\u00f3wnie\u017c online<\/h4>\t\t\t\t<\/div>\n\t\t\t\t<\/div>\n\t\t\t\t<\/div>\n\t\t<div class=\"elementor-element elementor-element-7880adc e-con-full e-flex e-con e-child\" data-id=\"7880adc\" data-element_type=\"container\">\n\t\t\t\t<\/div>\n\t\t\t\t\t<\/div>\n\t\t\t\t<\/div>\n\t\t\t\t<\/div>\n\t\t","protected":false},"excerpt":{"rendered":"<p>Sprawd\u017a ze specjalist\u0105 Tw\u00f3j trening w domu \u2013 mo\u017cliwo\u015b\u0107 online Tw\u00f3j trening w domu to zaj\u0119cia\/konsultacje, na kt\u00f3rych nauczymy Ci\u0119 \u0107wicze\u0144 i rozci\u0105gania do samodzielnej pracy w domu. \u0106wiczenia dostosujemy do Twoich umiej\u0119tno\u015bci i potrzeb. Poka\u017cemy jak dba\u0107 o kr\u0119gos\u0142up, biodra i kolana w warunkach domowych.\u00a0 Mo\u017cesz r\u00f3wnie\u017c skonsultowa\u0107 z nami te \u0107wiczenia, kt\u00f3re ju\u017c [&hellip;]<\/p>\n","protected":false},"author":1,"featured_media":0,"parent":0,"menu_order":0,"comment_status":"closed","ping_status":"closed","template":"","meta":{"footnotes":""},"class_list":["post-973","page","type-page","status-publish","hentry"],"_links":{"self":[{"href":"https:\/\/rehmedis.com.pl\/index.php\/wp-json\/wp\/v2\/pages\/973","targetHints":{"allow":["GET"]}}],"collection":[{"href":"https:\/\/rehmedis.com.pl\/index.php\/wp-json\/wp\/v2\/pages"}],"about":[{"href":"https:\/\/rehmedis.com.pl\/index.php\/wp-json\/wp\/v2\/types\/page"}],"author":[{"embeddable":true,"href":"https:\/\/rehmedis.com.pl\/index.php\/wp-json\/wp\/v2\/users\/1"}],"replies":[{"embeddable":true,"href":"https:\/\/rehmedis.com.pl\/index.php\/wp-json\/wp\/v2\/comments?post=973"}],"version-history":[{"count":7,"href":"https:\/\/rehmedis.com.pl\/index.php\/wp-json\/wp\/v2\/pages\/973\/revisions"}],"predecessor-version":[{"id":989,"href":"https:\/\/rehmedis.com.pl\/index.php\/wp-json\/wp\/v2\/pages\/973\/revisions\/989"}],"wp:attachment":[{"href":"https:\/\/rehmedis.com.pl\/index.php\/wp-json\/wp\/v2\/media?parent=973"}],"curies":[{"name":"wp","href":"https:\/\/api.w.org\/{rel}","templated":true}]}}